{"id":2793,"date":"2025-08-05T10:08:16","date_gmt":"2025-08-05T08:08:16","guid":{"rendered":"https:\/\/ff-arnsberg.de\/wordpress\/?page_id=2793"},"modified":"2025-08-23T06:33:46","modified_gmt":"2025-08-23T04:33:46","slug":"impressum-2","status":"publish","type":"page","link":"https:\/\/ff-arnsberg.de\/wordpress\/impressum-2\/","title":{"rendered":"Impressum"},"content":{"rendered":"\t\t<div data-elementor-type=\"wp-page\" data-elementor-id=\"2793\" class=\"elementor elementor-2793\">\n\t\t\t\t<div class=\"elementor-element elementor-element-576e4234 e-flex e-con-boxed e-con e-parent\" data-id=\"576e4234\" data-element_type=\"container\" data-e-type=\"container\" data-settings=\"{&quot;background_background&quot;:&quot;classic&quot;}\">\n\t\t\t\t\t<div class=\"e-con-inner\">\n\t\t<div class=\"elementor-element elementor-element-2645a7e0 e-con-full e-flex e-con e-child\" data-id=\"2645a7e0\" data-element_type=\"container\" data-e-type=\"container\">\n\t\t\t\t<div class=\"elementor-element elementor-element-5c2b41ba elementor-widget elementor-widget-heading\" data-id=\"5c2b41ba\" data-element_type=\"widget\" data-e-type=\"widget\" data-widget_type=\"heading.default\">\n\t\t\t\t<div class=\"elementor-widget-container\">\n\t\t\t\t\t<h1 class=\"elementor-heading-title elementor-size-default\">Impressum<\/h1>\t\t\t\t<\/div>\n\t\t\t\t<\/div>\n\t\t\t\t<\/div>\n\t\t\t\t\t<\/div>\n\t\t\t\t<\/div>\n\t\t<div class=\"elementor-element elementor-element-780df29 e-flex e-con-boxed e-con e-parent\" data-id=\"780df29\" data-element_type=\"container\" data-e-type=\"container\">\n\t\t\t\t\t<div class=\"e-con-inner\">\n\t\t\t\t<div class=\"elementor-element elementor-element-e3215d6 elementor-widget elementor-widget-text-editor\" data-id=\"e3215d6\" data-element_type=\"widget\" data-e-type=\"widget\" data-widget_type=\"text-editor.default\">\n\t\t\t\t<div class=\"elementor-widget-container\">\n\t\t\t\t\t\t\t\t\t<h1 data-start=\"1272\" data-end=\"1285\">Impressum<\/h1><p data-start=\"1287\" data-end=\"1356\">Freiwillige Feuerwehr Arnsberg<br data-start=\"1317\" data-end=\"1320\" \/>Am Zehentstadl 4<br data-start=\"1334\" data-end=\"1337\" \/>85110 Arnsberg<\/p><p data-start=\"1358\" data-end=\"1463\">Vertreten durch den Vorstand:<br data-start=\"1387\" data-end=\"1390\" \/>Andreas Weber (1. Vorsitzender)<br data-start=\"1422\" data-end=\"1425\" \/>Christoph H\u00f6rmann (stellv. Vorsitzender)<\/p><p data-start=\"1465\" data-end=\"1536\">Kontakt:<br data-start=\"1473\" data-end=\"1476\" \/>Telefon: +49 8465 \/ 1749796<br data-start=\"1499\" data-end=\"1502\" \/>E-Mail: info (at) ff-arnsberg.de<\/p><hr data-start=\"1538\" data-end=\"1541\" \/><h2 data-start=\"1543\" data-end=\"1566\">Haftungsausschluss<\/h2><p data-start=\"1568\" data-end=\"1767\"><strong data-start=\"1568\" data-end=\"1591\">Haftung f\u00fcr Inhalte<\/strong><br data-start=\"1591\" data-end=\"1594\" \/>Die Inhalte unserer Seiten wurden mit gr\u00f6\u00dfter Sorgfalt erstellt. F\u00fcr die Richtigkeit, Vollst\u00e4ndigkeit und Aktualit\u00e4t der Inhalte k\u00f6nnen wir jedoch keine Gew\u00e4hr \u00fcbernehmen.<\/p><p data-start=\"1769\" data-end=\"2074\"><strong data-start=\"1769\" data-end=\"1790\">Haftung f\u00fcr Links<\/strong><br data-start=\"1790\" data-end=\"1793\" \/>Unser Angebot enth\u00e4lt Links zu externen Websites Dritter, auf deren Inhalte wir keinen Einfluss haben. Deshalb k\u00f6nnen wir f\u00fcr diese fremden Inhalte auch keine Gew\u00e4hr \u00fcbernehmen. F\u00fcr die Inhalte der verlinkten Seiten ist stets der jeweilige Anbieter oder Betreiber verantwortlich.<\/p><p data-start=\"2076\" data-end=\"2438\"><strong data-start=\"2076\" data-end=\"2092\">Urheberrecht<\/strong><br data-start=\"2092\" data-end=\"2095\" \/>Die durch uns erstellten Inhalte und Werke auf diesen Seiten unterliegen dem deutschen Urheberrecht. Beitr\u00e4ge Dritter sind als solche gekennzeichnet. Die Vervielf\u00e4ltigung, Bearbeitung, Verbreitung und jede Art der Verwertung au\u00dferhalb der Grenzen des Urheberrechts bed\u00fcrfen der schriftlichen Zustimmung des jeweiligen Autors bzw. Erstellers.<\/p>\t\t\t\t\t\t\t\t<\/div>\n\t\t\t\t<\/div>\n\t\t\t\t\t<\/div>\n\t\t\t\t<\/div>\n\t\t\t\t<\/div>\n\t\t","protected":false},"excerpt":{"rendered":"<p>Impressum Impressum Freiwillige Feuerwehr ArnsbergAm Zehentstadl 485110 Arnsberg Vertreten durch den Vorstand:Andreas Weber (1. Vorsitzender)Christoph H\u00f6rmann (stellv. Vorsitzender) Kontakt:Telefon: +49 8465 \/ 1749796E-Mail: info (at) ff-arnsberg.de Haftungsausschluss Haftung f\u00fcr InhalteDie Inhalte unserer Seiten wurden mit gr\u00f6\u00dfter Sorgfalt erstellt. F\u00fcr die Richtigkeit, Vollst\u00e4ndigkeit und Aktualit\u00e4t der Inhalte k\u00f6nnen wir jedoch keine Gew\u00e4hr \u00fcbernehmen. Haftung f\u00fcr LinksUnser [&hellip;]<\/p>\n","protected":false},"author":1,"featured_media":0,"parent":0,"menu_order":0,"comment_status":"closed","ping_status":"closed","template":"","meta":{"site-sidebar-layout":"no-sidebar","site-content-layout":"page-builder","ast-site-content-layout":"full-width-container","site-content-style":"default","site-sidebar-style":"default","ast-global-header-display":"","ast-banner-title-visibility":"","ast-main-header-display":"","ast-hfb-above-header-display":"","ast-hfb-below-header-display":"","ast-hfb-mobile-header-display":"","site-post-title":"disabled","ast-breadcrumbs-content":"","ast-featured-img":"disabled","footer-sml-layout":"","theme-transparent-header-meta":"","adv-header-id-meta":"","stick-header-meta":"","header-above-stick-meta":"","header-main-stick-meta":"","header-below-stick-meta":"","astra-migrate-meta-layouts":"default","ast-page-background-enabled":"default","ast-page-background-meta":{"desktop":{"background-color":"","background-image":"","background-repeat":"repeat","background-position":"center center","background-size":"auto","background-attachment":"scroll","background-type":"","background-media":"","overlay-type":"","overlay-color":"","overlay-opacity":"","overlay-gradient":""},"tablet":{"background-color":"","background-image":"","background-repeat":"repeat","background-position":"center center","background-size":"auto","background-attachment":"scroll","background-type":"","background-media":"","overlay-type":"","overlay-color":"","overlay-opacity":"","overlay-gradient":""},"mobile":{"background-color":"","background-image":"","background-repeat":"repeat","background-position":"center center","background-size":"auto","background-attachment":"scroll","background-type":"","background-media":"","overlay-type":"","overlay-color":"","overlay-opacity":"","overlay-gradient":""}},"ast-content-background-meta":{"desktop":{"background-color":"var(--ast-global-color-5)","background-image":"","background-repeat":"repeat","background-position":"center center","background-size":"auto","background-attachment":"scroll","background-type":"","background-media":"","overlay-type":"","overlay-color":"","overlay-opacity":"","overlay-gradient":""},"tablet":{"background-color":"var(--ast-global-color-5)","background-image":"","background-repeat":"repeat","background-position":"center center","background-size":"auto","background-attachment":"scroll","background-type":"","background-media":"","overlay-type":"","overlay-color":"","overlay-opacity":"","overlay-gradient":""},"mobile":{"background-color":"var(--ast-global-color-5)","background-image":"","background-repeat":"repeat","background-position":"center center","background-size":"auto","background-attachment":"scroll","background-type":"","background-media":"","overlay-type":"","overlay-color":"","overlay-opacity":"","overlay-gradient":""}},"footnotes":""},"class_list":["post-2793","page","type-page","status-publish","hentry"],"_links":{"self":[{"href":"https:\/\/ff-arnsberg.de\/wordpress\/wp-json\/wp\/v2\/pages\/2793","targetHints":{"allow":["GET"]}}],"collection":[{"href":"https:\/\/ff-arnsberg.de\/wordpress\/wp-json\/wp\/v2\/pages"}],"about":[{"href":"https:\/\/ff-arnsberg.de\/wordpress\/wp-json\/wp\/v2\/types\/page"}],"author":[{"embeddable":true,"href":"https:\/\/ff-arnsberg.de\/wordpress\/wp-json\/wp\/v2\/users\/1"}],"replies":[{"embeddable":true,"href":"https:\/\/ff-arnsberg.de\/wordpress\/wp-json\/wp\/v2\/comments?post=2793"}],"version-history":[{"count":10,"href":"https:\/\/ff-arnsberg.de\/wordpress\/wp-json\/wp\/v2\/pages\/2793\/revisions"}],"predecessor-version":[{"id":3078,"href":"https:\/\/ff-arnsberg.de\/wordpress\/wp-json\/wp\/v2\/pages\/2793\/revisions\/3078"}],"wp:attachment":[{"href":"https:\/\/ff-arnsberg.de\/wordpress\/wp-json\/wp\/v2\/media?parent=2793"}],"curies":[{"name":"wp","href":"https:\/\/api.w.org\/{rel}","templated":true}]}}